{"id":125,"date":"2016-05-01T21:26:56","date_gmt":"2016-05-01T19:26:56","guid":{"rendered":"http:\/\/www.css-ksplzen.cz\/?page_id=125"},"modified":"2026-04-09T10:59:14","modified_gmt":"2026-04-09T08:59:14","slug":"aktuality","status":"publish","type":"page","link":"https:\/\/www.css-ksplzen.cz\/","title":{"rendered":"\u00davod"},"content":{"rendered":"<div class=\"wp-block-image\">\n<figure class=\"alignright size-full is-resized\"><img loading=\"lazy\" decoding=\"async\" width=\"119\" height=\"102\" src=\"https:\/\/www.css-ksplzen.cz\/wp-content\/uploads\/2025\/12\/Logo_KS_2025-1-e1767173868245.jpg\" alt=\"\" class=\"wp-image-3350\" style=\"aspect-ratio:1.1442307692307692;width:112px;height:auto\"\/><\/figure>\n<\/div>\n\n\n<p style=\"text-align: center;\"><span style=\"color: #ff0000;\">Usnesen\u00edm sjezdu \u010cSS v roce 2013 byla z\u0159\u00edzena Krajsk\u00e1 sdru\u017een\u00ed za \u00fa\u010delem koordina\u010dn\u00ed \u010dinnosti Sportovn\u00edch st\u0159eleck\u00fdch klub\u016f registrovan\u00fdch v dan\u00e9m regionu. V\u016f\u010di sportovn\u00edm st\u0159eleck\u00fdm klub\u016fm m\u00e1me pouze koordina\u010dn\u00ed funkci. KS \u010cSS nem\u00e1 \u0159\u00edd\u00edc\u00ed ani kontroln\u00ed pravomoc v\u016f\u010di SSK.<br \/><br \/><\/span><\/p>\n\n\n\n<p class=\"has-text-align-center has-text-color has-link-color wp-elements-97c467eec6d20e7dcab80fbbd667a325\" style=\"color:#cc0e00;font-size:18px\"><span style=\"color: #ff0000;\">email : haveljarda@atlas.cz<\/span><br><span style=\"color: #ff0000;\">Registra\u010dn\u00ed \u010d\u00edslo&nbsp;\u010cSS :&nbsp;1006&nbsp;<\/span><br><span style=\"color: #ff0000;\">I\u010cO&nbsp;:&nbsp;709 20 443<\/span><br><span style=\"color: #ff0000;\">Kontaktn\u00ed adresa&nbsp;:&nbsp;Koterovsk\u00e1 84 Plze\u0148 326 00<\/span><\/p>\n\n\n<div class=\"wp-block-image\">\n<figure class=\"aligncenter is-resized\"><a href=\"https:\/\/www.facebook.com\/cssksplzen\"><img loading=\"lazy\" decoding=\"async\" width=\"98\" height=\"88\" src=\"https:\/\/www.css-ksplzen.cz\/wp-content\/uploads\/2022\/11\/images-e1767105931755.jpg\" alt=\"\" class=\"wp-image-2525\" style=\"aspect-ratio:1.0959287087192031;width:49px;height:auto\"\/><\/a><\/figure>\n<\/div>\n\n\n<p><\/p>\n\n\n","protected":false},"excerpt":{"rendered":"<p>Usnesen\u00edm sjezdu \u010cSS v roce 2013 byla z\u0159\u00edzena Krajsk\u00e1 sdru\u017een\u00ed za \u00fa\u010delem koordina\u010dn\u00ed \u010dinnosti Sportovn\u00edch st\u0159eleck\u00fdch klub\u016f registrovan\u00fdch v dan\u00e9m regionu. V\u016f\u010di sportovn\u00edm st\u0159eleck\u00fdm klub\u016fm m\u00e1me pouze koordina\u010dn\u00ed funkci. KS \u010cSS nem\u00e1 \u0159\u00edd\u00edc\u00ed ani kontroln\u00ed pravomoc v\u016f\u010di SSK. email : &hellip; <a href=\"https:\/\/www.css-ksplzen.cz\/\">Cel\u00fd p\u0159\u00edsp\u011bvek <span class=\"meta-nav\">&rarr;<\/span><\/a><\/p>\n","protected":false},"author":1,"featured_media":0,"parent":0,"menu_order":0,"comment_status":"closed","ping_status":"closed","template":"","meta":{"footnotes":""},"class_list":["post-125","page","type-page","status-publish","hentry"],"_links":{"self":[{"href":"https:\/\/www.css-ksplzen.cz\/index.php?rest_route=\/wp\/v2\/pages\/125","targetHints":{"allow":["GET"]}}],"collection":[{"href":"https:\/\/www.css-ksplzen.cz\/index.php?rest_route=\/wp\/v2\/pages"}],"about":[{"href":"https:\/\/www.css-ksplzen.cz\/index.php?rest_route=\/wp\/v2\/types\/page"}],"author":[{"embeddable":true,"href":"https:\/\/www.css-ksplzen.cz\/index.php?rest_route=\/wp\/v2\/users\/1"}],"replies":[{"embeddable":true,"href":"https:\/\/www.css-ksplzen.cz\/index.php?rest_route=%2Fwp%2Fv2%2Fcomments&post=125"}],"version-history":[{"count":559,"href":"https:\/\/www.css-ksplzen.cz\/index.php?rest_route=\/wp\/v2\/pages\/125\/revisions"}],"predecessor-version":[{"id":3963,"href":"https:\/\/www.css-ksplzen.cz\/index.php?rest_route=\/wp\/v2\/pages\/125\/revisions\/3963"}],"wp:attachment":[{"href":"https:\/\/www.css-ksplzen.cz\/index.php?rest_route=%2Fwp%2Fv2%2Fmedia&parent=125"}],"curies":[{"name":"wp","href":"https:\/\/api.w.org\/{rel}","templated":true}]}}