{"id":269,"date":"2016-05-17T21:41:00","date_gmt":"2016-05-17T19:41:00","guid":{"rendered":"http:\/\/www.css-ksplzen.cz\/?page_id=269"},"modified":"2026-04-10T14:27:30","modified_gmt":"2026-04-10T12:27:30","slug":"adresar-klubu-ks","status":"publish","type":"page","link":"https:\/\/www.css-ksplzen.cz\/?page_id=269","title":{"rendered":"Adres\u00e1\u0159 klub\u016f KS"},"content":{"rendered":"\n<div class=\"wp-block-group\"><div class=\"wp-block-group__inner-container is-layout-constrained wp-block-group-is-layout-constrained\">\n<div class=\"wp-block-columns is-layout-flex wp-container-core-columns-is-layout-9d6595d7 wp-block-columns-is-layout-flex\">\n<div class=\"wp-block-column is-layout-flow wp-block-column-is-layout-flow\" style=\"flex-basis:100%\">\n<figure class=\"wp-block-table\">\n<table style=\"width: 106.661%; height: 817px;\">\n<tbody>\n<tr style=\"height: 24px;\">\n<td style=\"width: 34.3416%; text-align: left; height: 24px;\"><strong><span style=\"font-family: arial,helvetica,sans-serif; font-size: 10pt; color: #000000;\">\u00a0klub<\/span><\/strong><\/td>\n<td style=\"width: 28.6461%; height: 24px;\"><span style=\"font-family: arial,helvetica,sans-serif; font-size: 10pt; color: #000000;\">p\u0159edseda<\/span><\/td>\n<td style=\"width: 18.5758%; height: 24px;\"><span style=\"font-family: arial,helvetica,sans-serif; font-size: 10pt; color: #000000;\">tel. \u010d\u00edslo<\/span><\/td>\n<td style=\"width: 19.1934%; height: 24px;\"><span style=\"font-family: arial,helvetica,sans-serif; font-size: 10pt; color: #000000;\">\u00a0<\/span><\/td>\n<\/tr>\n<tr>\n<td style=\"width: 34.3416%; text-align: left;\"><strong><span style=\"font-family: arial,helvetica,sans-serif; font-size: 10pt; color: #000000;\">0007 &#8211; Ho\u0159ehledy<\/span><\/strong><\/td>\n<td style=\"width: 28.6461%;\"><span style=\"font-family: arial,helvetica,sans-serif; font-size: 10pt; color: #000000;\">Anna Hertlov\u00e1<\/span><\/td>\n<td style=\"width: 18.5758%;\"><span style=\"font-family: arial,helvetica,sans-serif; font-size: 10pt; color: #000000;\">775 734 464<\/span><\/td>\n<td style=\"width: 19.1934%;\"><span style=\"font-family: arial,helvetica,sans-serif; font-size: 10pt; color: #000000;\">\u00a0<\/span><\/td>\n<\/tr>\n<tr style=\"height: 24px;\">\n<td style=\"width: 34.3416%; height: 25px; text-align: left;\"><strong><span style=\"font-family: arial,helvetica,sans-serif; font-size: 10pt; color: #000000;\">0012 &#8211; Olymp Plze\u0148<\/span><\/strong><\/td>\n<td style=\"width: 28.6461%; height: 25px;\"><span style=\"font-family: arial,helvetica,sans-serif; font-size: 10pt; color: #000000;\">Mgr. Kate\u0159ina Frantalov\u00e1<\/span><\/td>\n<td style=\"width: 18.5758%; height: 25px;\" width=\"178\"><span style=\"font-family: arial,helvetica,sans-serif; font-size: 10pt; color: #000000;\">731 415 996<\/span><\/td>\n<td style=\"width: 19.1934%; height: 25px;\"><a href=\"http:\/\/www.olymp-plzen.cz\"><span style=\"font-family: arial,helvetica,sans-serif; font-size: 10pt; color: #000000;\">klubov\u00fd web<\/span><\/a><\/td>\n<\/tr>\n<tr style=\"height: 24px;\">\n<td style=\"width: 34.3416%; height: 24px; text-align: left;\"><strong><span style=\"font-family: arial,helvetica,sans-serif; font-size: 10pt; color: #000000;\">0015 &#8211; Plze\u0148 &#8211; Slovany<\/span><\/strong><\/td>\n<td style=\"width: 28.6461%; height: 24px;\"><span style=\"font-family: arial,helvetica,sans-serif; font-size: 10pt; color: #000000;\">\u00a0Jan Fidler<\/span><\/td>\n<td style=\"width: 18.5758%; height: 24px;\"><span style=\"font-family: arial,helvetica,sans-serif; font-size: 10pt; color: #000000;\">602 464 680<\/span><\/td>\n<td style=\"width: 19.1934%; height: 24px;\"><a href=\"http:\/\/www.sskslovany.cz\"><span style=\"font-size: 13.3333px;\"><span style=\"font-family: arial,helvetica,sans-serif; font-size: 10pt; color: #000000;\">klubov\u00fd web<\/span><\/span><\/a><\/td>\n<\/tr>\n<tr style=\"height: 24px;\">\n<td style=\"width: 34.3416%; height: 24px; text-align: left;\"><strong><span style=\"font-family: arial,helvetica,sans-serif; font-size: 10pt; color: #000000;\">0035 &#8211; Ka\u0161persk\u00e9 Hory<\/span><\/strong><\/td>\n<td style=\"width: 28.6461%; height: 24px;\"><span style=\"font-family: arial,helvetica,sans-serif; font-size: 10pt; color: #000000;\">Ji\u0159\u00ed Jirman<\/span><\/td>\n<td style=\"width: 18.5758%; height: 24px;\"><span style=\"font-family: arial,helvetica,sans-serif; font-size: 10pt; color: #000000;\">777 344 100<\/span><\/td>\n<td style=\"width: 19.1934%; height: 24px;\">\u00a0<\/td>\n<\/tr>\n<tr style=\"height: 24px;\">\n<td style=\"width: 34.3416%; height: 24px; text-align: left;\"><strong><span style=\"font-family: arial,helvetica,sans-serif; font-size: 10pt; color: #000000;\">0066 &#8211; Imperator<\/span><\/strong><\/td>\n<td style=\"width: 28.6461%; height: 24px;\"><span style=\"font-family: arial,helvetica,sans-serif; font-size: 10pt; color: #000000;\">Miloslav \u0160vec<\/span><\/td>\n<td style=\"width: 18.5758%; height: 24px;\"><span style=\"font-family: arial,helvetica,sans-serif; font-size: 10pt; color: #000000;\">731 446 551<\/span><\/td>\n<td style=\"width: 19.1934%; height: 24px;\">\u00a0<\/td>\n<\/tr>\n<tr style=\"height: 24px;\">\n<td style=\"width: 34.3416%; height: 24px; text-align: left;\"><strong><span style=\"font-family: arial,helvetica,sans-serif; font-size: 10pt; color: #000000;\">0076 &#8211; Plze\u0148<\/span><\/strong><\/td>\n<td style=\"width: 28.6461%; height: 24px;\"><span style=\"font-family: arial,helvetica,sans-serif; font-size: 10pt; color: #000000;\">Pavel Seidler<\/span><\/td>\n<td style=\"width: 18.5758%; height: 24px;\"><span style=\"font-family: arial,helvetica,sans-serif; font-size: 10pt; color: #000000;\">608 450 800<\/span><\/td>\n<td style=\"width: 19.1934%; height: 24px;\">\u00a0<\/td>\n<\/tr>\n<tr style=\"height: 24px;\">\n<td style=\"width: 34.3416%; height: 24px; text-align: left;\"><strong><span style=\"font-family: arial,helvetica,sans-serif; font-size: 10pt; color: #000000;\">0080 &#8211; Arnika Tachov<\/span><\/strong><\/td>\n<td style=\"width: 28.6461%; height: 24px;\"><span style=\"font-family: arial,helvetica,sans-serif; font-size: 10pt; color: #000000;\">Zbyn\u011bk Tribula<\/span><\/td>\n<td style=\"width: 18.5758%; height: 24px;\"><span style=\"font-family: arial,helvetica,sans-serif; font-size: 10pt; color: #000000;\">737 357 831<\/span><\/td>\n<td style=\"width: 19.1934%; height: 24px;\"><a href=\"http:\/\/www.sskarnikatachov.cz\"><span style=\"font-family: arial,helvetica,sans-serif; font-size: 10pt; color: #000000;\">klubov\u00fd web<\/span><\/a><\/td>\n<\/tr>\n<tr style=\"height: 24px;\">\n<td style=\"width: 34.3416%; height: 24px; text-align: left;\"><strong><span style=\"font-family: arial,helvetica,sans-serif; font-size: 10pt; color: #000000;\">0091 &#8211; Izotop \u00dastale\u010d<\/span><\/strong><\/td>\n<td style=\"width: 28.6461%; height: 24px;\"><span style=\"font-family: arial,helvetica,sans-serif; font-size: 10pt; color: #000000;\">Mudr. Marek \u0160kanta<\/span><\/td>\n<td style=\"width: 18.5758%; height: 24px;\"><span style=\"font-family: arial,helvetica,sans-serif; font-size: 10pt; color: #000000;\">721 138 699<\/span><\/td>\n<td style=\"width: 19.1934%; height: 24px;\">\u00a0<\/td>\n<\/tr>\n<tr style=\"height: 24px;\">\n<td style=\"width: 34.3416%; height: 24px; text-align: left;\"><strong><span style=\"font-family: arial,helvetica,sans-serif; font-size: 10pt; color: #000000;\">0110 &#8211; Dob\u0159any<\/span><\/strong><\/td>\n<td style=\"width: 28.6461%; height: 24px;\"><span style=\"font-family: arial,helvetica,sans-serif; font-size: 10pt; color: #000000;\">Pavel K\u00f6nigsmark<\/span><\/td>\n<td style=\"width: 18.5758%; height: 24px;\"><span style=\"font-family: arial,helvetica,sans-serif; font-size: 10pt; color: #000000;\">777 822 537<\/span><\/td>\n<td style=\"width: 19.1934%; height: 24px;\"><a href=\"http:\/\/www.sskdobrany.wz.cz\"><span style=\"font-family: arial,helvetica,sans-serif; font-size: 10pt; color: #000000;\">klubov\u00fd web<\/span><\/a><\/td>\n<\/tr>\n<tr style=\"height: 24px;\">\n<td style=\"width: 34.3416%; height: 24px; text-align: left;\"><strong><span style=\"font-family: arial,helvetica,sans-serif; font-size: 10pt; color: #000000;\">0153 &#8211; Sedli\u0161t\u011b<\/span><\/strong><\/td>\n<td style=\"width: 28.6461%; height: 24px;\"><span style=\"font-family: arial,helvetica,sans-serif; font-size: 10pt; color: #000000;\">Jaroslav Noh\u00e1\u010dek<\/span><\/td>\n<td style=\"width: 18.5758%; height: 24px;\"><span style=\"font-family: arial,helvetica,sans-serif; font-size: 10pt; color: #000000;\">724 059 658<\/span><\/td>\n<td style=\"width: 19.1934%; height: 24px;\">\u00a0<\/td>\n<\/tr>\n<tr style=\"height: 24px;\">\n<td style=\"width: 34.3416%; height: 24px; text-align: left;\"><strong><span style=\"font-family: arial,helvetica,sans-serif; font-size: 10pt; color: #000000;\">0155 &#8211; Kout na \u0160umav\u011b<\/span><\/strong><\/td>\n<td style=\"width: 28.6461%; height: 24px;\"><span style=\"font-family: arial,helvetica,sans-serif; font-size: 10pt; color: #000000;\">Josef Dufek<\/span><\/td>\n<td style=\"width: 18.5758%; height: 24px;\"><span style=\"font-family: arial,helvetica,sans-serif; font-size: 10pt; color: #000000;\">720 137 222<\/span><\/td>\n<td style=\"width: 19.1934%; height: 24px;\"><a href=\"http:\/\/www.strelnicekout.estranky.cz\"><span style=\"font-family: arial,helvetica,sans-serif; font-size: 10pt; color: #000000;\">klubov\u00fd web<\/span><\/a><\/td>\n<\/tr>\n<tr style=\"height: 24px;\">\n<td style=\"width: 34.3416%; height: 24px; text-align: left;\"><strong><span style=\"font-family: arial,helvetica,sans-serif; font-size: 10pt; color: #000000;\">0169 &#8211; Lev\u00e1ci<\/span><\/strong><\/td>\n<td style=\"width: 28.6461%; height: 24px;\"><span style=\"font-family: arial,helvetica,sans-serif; font-size: 10pt; color: #000000;\">Marek Baloun<\/span><\/td>\n<td style=\"width: 18.5758%; height: 24px;\">\u00a0<\/td>\n<td style=\"width: 19.1934%; height: 24px;\">\u00a0<\/td>\n<\/tr>\n<tr style=\"height: 24px;\">\n<td style=\"width: 34.3416%; height: 24px; text-align: left;\"><strong><span style=\"font-family: arial,helvetica,sans-serif; font-size: 10pt; color: #000000;\">0170 &#8211; Plze\u0148 &#8211; Doubravka<\/span><\/strong><\/td>\n<td style=\"width: 28.6461%; height: 24px;\"><span style=\"font-family: arial,helvetica,sans-serif; font-size: 10pt; color: #000000;\">Stanislav \u0160pelina<\/span><\/td>\n<td style=\"width: 18.5758%; height: 24px;\"><span style=\"font-family: arial,helvetica,sans-serif; font-size: 10pt; color: #000000;\">603 412 309<\/span><\/td>\n<td style=\"width: 19.1934%; height: 24px;\">\u00a0<\/td>\n<\/tr>\n<tr style=\"height: 24px;\">\n<td style=\"width: 34.3416%; height: 24px; text-align: left;\"><strong><span style=\"font-family: arial,helvetica,sans-serif; font-size: 10pt; color: #000000;\">0173 &#8211; Klatovy<\/span><\/strong><\/td>\n<td style=\"width: 28.6461%; height: 24px;\"><span style=\"font-family: arial,helvetica,sans-serif; font-size: 10pt; color: #000000;\">Zden\u011bk Kadlec<\/span><\/td>\n<td style=\"width: 18.5758%; height: 24px;\"><span style=\"font-family: arial,helvetica,sans-serif; font-size: 10pt; color: #000000;\">724 479 685<\/span><\/td>\n<td style=\"width: 19.1934%; height: 24px;\"><a href=\"http:\/\/www.ssk-klatovy.wz.cz\"><span style=\"font-family: arial,helvetica,sans-serif; font-size: 10pt; color: #000000;\">klubov\u00fd web<\/span><\/a><\/td>\n<\/tr>\n<tr style=\"height: 24px;\">\n<td style=\"width: 34.3416%; height: 24px; text-align: left;\"><strong><span style=\"font-family: arial,helvetica,sans-serif; font-size: 10pt; color: #000000;\">0176 &#8211; Plze\u0148 &#8211; St\u0159ed<\/span><\/strong><\/td>\n<td style=\"width: 28.6461%; height: 24px;\"><span style=\"font-family: arial,helvetica,sans-serif; font-size: 10pt; color: #000000;\">Ing. Pavel Ambro\u017e<\/span><\/td>\n<td style=\"width: 18.5758%; height: 24px;\"><span style=\"font-family: arial,helvetica,sans-serif; font-size: 10pt; color: #000000;\">733 221 160<\/span><\/td>\n<td style=\"width: 19.1934%; height: 24px;\"><a href=\"http:\/\/ssk0176.netstranky.cz\"><span style=\"font-family: arial,helvetica,sans-serif; font-size: 10pt; color: #000000;\">klubov\u00fd web<\/span><\/a><\/td>\n<\/tr>\n<tr style=\"height: 24px;\">\n<td style=\"width: 34.3416%; height: 24px; text-align: left;\"><strong><span style=\"font-family: arial,helvetica,sans-serif; font-size: 10pt; color: #000000;\">0180 &#8211; Li\u0161\u0165any<\/span><\/strong><\/td>\n<td style=\"width: 28.6461%; height: 24px;\"><span style=\"font-family: arial,helvetica,sans-serif; font-size: 10pt; color: #000000;\">Milan Kottek<\/span><\/td>\n<td style=\"width: 18.5758%; height: 24px;\"><span style=\"font-family: arial,helvetica,sans-serif; font-size: 10pt; color: #000000;\">602 100 669<\/span><\/td>\n<td style=\"width: 19.1934%; height: 24px;\">\u00a0<\/td>\n<\/tr>\n<tr style=\"height: 24px;\">\n<td style=\"width: 34.3416%; height: 24px; text-align: left;\"><strong><span style=\"font-family: arial,helvetica,sans-serif; font-size: 10pt; color: #000000;\">0184 &#8211; St\u0159elnice Dvorec<\/span><\/strong><\/td>\n<td style=\"width: 28.6461%; height: 24px;\"><span style=\"font-family: arial,helvetica,sans-serif; font-size: 10pt; color: #000000;\">Pavel Moko\u0161<\/span><\/td>\n<td style=\"width: 18.5758%; height: 24px;\"><span style=\"font-family: arial,helvetica,sans-serif; font-size: 10pt; color: #000000;\">602 262 103<\/span><\/td>\n<td style=\"width: 19.1934%; height: 24px;\">\u00a0<\/td>\n<\/tr>\n<tr style=\"height: 24px;\">\n<td style=\"width: 34.3416%; height: 24px; text-align: left;\"><strong><span style=\"font-family: arial,helvetica,sans-serif; font-size: 10pt; color: #000000;\">0185 &#8211; Klen\u010d\u00ed p. \u010cerchovem<\/span><\/strong><\/td>\n<td style=\"width: 28.6461%; height: 24px;\"><span style=\"font-family: arial,helvetica,sans-serif; font-size: 10pt; color: #000000;\">Ji\u0159\u00ed \u0160olar<\/span><\/td>\n<td style=\"width: 18.5758%; height: 24px;\"><span style=\"font-family: arial,helvetica,sans-serif; font-size: 10pt; color: #000000;\">602 882 460<\/span><\/td>\n<td style=\"width: 19.1934%; height: 24px;\">\u00a0<\/td>\n<\/tr>\n<tr style=\"height: 24px;\">\n<td style=\"width: 34.3416%; height: 24px; text-align: left;\"><strong><span style=\"font-family: arial,helvetica,sans-serif; font-size: 10pt; color: #000000;\">0186 &#8211; ZD Hlav\u0148ovice<\/span><\/strong><\/td>\n<td style=\"width: 28.6461%; height: 24px;\"><span style=\"font-family: arial,helvetica,sans-serif; font-size: 10pt; color: #000000;\">Ji\u0159\u00ed Troj\u00e1k<\/span><\/td>\n<td style=\"width: 18.5758%; height: 24px;\"><span style=\"font-family: arial,helvetica,sans-serif; font-size: 10pt; color: #000000;\">721 911 766<\/span><\/td>\n<td style=\"width: 19.1934%; height: 24px;\"><a href=\"http:\/\/sskhlavnovice.cz\"><span style=\"font-family: arial,helvetica,sans-serif; font-size: 10pt; color: #000000;\">klubov\u00fd web<\/span><\/a><\/td>\n<\/tr>\n<tr style=\"height: 24px;\">\n<td style=\"width: 34.3416%; height: 24px; text-align: left;\"><strong><span style=\"font-family: arial,helvetica,sans-serif; font-size: 10pt; color: #000000;\">0230 &#8211; \u00dajezd Sv. K\u0159\u00ed\u017ee<\/span><\/strong><\/td>\n<td style=\"width: 28.6461%; height: 24px;\"><span style=\"font-family: arial,helvetica,sans-serif; font-size: 10pt; color: #000000;\">Josef Franta<\/span><\/td>\n<td style=\"width: 18.5758%; height: 24px;\"><span style=\"font-family: arial,helvetica,sans-serif; font-size: 10pt; color: #000000;\">737 558 956<\/span><\/td>\n<td style=\"width: 19.1934%; height: 24px;\">\u00a0<\/td>\n<\/tr>\n<tr style=\"height: 24px;\">\n<td style=\"width: 34.3416%; height: 24px; text-align: left;\"><strong><span style=\"font-family: arial,helvetica,sans-serif; font-size: 10pt; color: #000000;\">0232 &#8211; SSK Rapid Plze\u0148<\/span><\/strong><\/td>\n<td style=\"width: 28.6461%; height: 24px;\"><span style=\"font-family: arial,helvetica,sans-serif; font-size: 10pt; color: #000000;\">Mgr.Vlastislav Fiala<\/span><\/td>\n<td style=\"width: 18.5758%; height: 24px;\"><span style=\"font-family: arial,helvetica,sans-serif; font-size: 10pt; color: #000000;\">606 655 433<\/span><\/td>\n<td style=\"width: 19.1934%; height: 24px;\"><a href=\"http:\/\/www.sskprapid.cz\"><span style=\"font-family: arial,helvetica,sans-serif; font-size: 10pt; color: #000000;\">klubov\u00fd web<\/span><\/a><\/td>\n<\/tr>\n<tr style=\"height: 24px;\">\n<td style=\"width: 34.3416%; height: 24px; text-align: left;\"><strong><span style=\"font-family: arial,helvetica,sans-serif; font-size: 10pt; color: #000000;\">0240 &#8211; Kladruby<\/span><\/strong><\/td>\n<td style=\"width: 28.6461%; height: 24px;\"><span style=\"font-family: arial,helvetica,sans-serif; font-size: 10pt; color: #000000;\">Radek Kuv\u00edk<\/span><\/td>\n<td style=\"width: 18.5758%; height: 24px;\"><span style=\"font-family: arial,helvetica,sans-serif; font-size: 10pt; color: #000000;\">606 694 626<\/span><\/td>\n<td style=\"width: 19.1934%; height: 24px;\"><a href=\"https:\/\/www.kladruby.cz\/sportovne%2Dstrelecky%2Dklub%2Dkladruby\/d-3239\/p1=3382\"><span style=\"font-family: arial,helvetica,sans-serif; font-size: 10pt; color: #000000;\">klubov\u00fd web<\/span><\/a><\/td>\n<\/tr>\n<tr style=\"height: 24px;\">\n<td style=\"width: 34.3416%; height: 24px; text-align: left;\"><strong><span style=\"font-family: arial,helvetica,sans-serif; font-size: 10pt; color: #000000;\">0305 &#8211; Houstou\u0148<\/span><\/strong><\/td>\n<td style=\"width: 28.6461%; height: 24px;\"><span style=\"font-family: arial,helvetica,sans-serif; font-size: 10pt; color: #000000;\">Michal Krotk\u00fd<\/span><\/td>\n<td style=\"width: 18.5758%; height: 24px;\"><span style=\"font-family: arial,helvetica,sans-serif; font-size: 10pt; color: #000000;\">608 507 577<\/span><\/td>\n<td style=\"width: 19.1934%; height: 24px;\">\u00a0<\/td>\n<\/tr>\n<tr style=\"height: 24px;\">\n<td style=\"width: 34.3416%; height: 24px; text-align: left;\"><strong><span style=\"font-family: arial,helvetica,sans-serif; font-size: 10pt; color: #000000;\">0350 &#8211; Star\u00fd Plzenec<\/span><\/strong><\/td>\n<td style=\"width: 28.6461%; height: 24px;\"><span style=\"font-family: arial,helvetica,sans-serif; font-size: 10pt; color: #000000;\">Luk\u00e1\u0161 \u010cech<\/span><\/td>\n<td style=\"width: 18.5758%; height: 24px;\">\u00a0<\/td>\n<td style=\"width: 19.1934%; height: 24px;\">\u00a0<\/td>\n<\/tr>\n<tr style=\"height: 24px;\">\n<td style=\"width: 34.3416%; height: 24px; text-align: left;\"><strong><span style=\"font-family: arial,helvetica,sans-serif; font-size: 10pt; color: #000000;\">0370 &#8211; Dukla Plze\u0148<\/span><\/strong><\/td>\n<td style=\"width: 28.6461%; height: 24px;\"><span style=\"font-family: arial,helvetica,sans-serif; font-size: 10pt; color: #000000;\">Ing.Petr \u010cernoch<\/span><\/td>\n<td style=\"width: 18.5758%; height: 24px;\"><span style=\"font-family: arial,helvetica,sans-serif; font-size: 10pt; color: #000000;\">603 381 533<\/span><\/td>\n<td style=\"width: 19.1934%; height: 24px;\"><a href=\"http:\/\/www.duklaplzen.cz\"><span style=\"font-family: arial,helvetica,sans-serif; font-size: 10pt; color: #000000;\">klubov\u00fd web<\/span><\/a><\/td>\n<\/tr>\n<tr style=\"height: 24px;\">\n<td style=\"width: 34.3416%; height: 24px; text-align: left;\"><span style=\"font-family: arial,helvetica,sans-serif; font-size: 10pt; color: #000000;\"><strong>0412 &#8211; Chocomy\u0161l<\/strong><\/span><\/td>\n<td style=\"width: 28.6461%; height: 24px;\"><span style=\"font-family: arial,helvetica,sans-serif; font-size: 10pt; color: #000000;\">Radek Ryne\u0161<\/span><\/td>\n<td style=\"width: 18.5758%; height: 24px;\"><span style=\"font-family: arial,helvetica,sans-serif; font-size: 10pt; color: #000000;\">724 366 549<\/span><\/td>\n<td style=\"width: 19.1934%; height: 24px;\">\u00a0<\/td>\n<\/tr>\n<tr style=\"height: 24px;\">\n<td style=\"width: 34.3416%; height: 24px; text-align: left;\"><strong><span style=\"font-family: arial,helvetica,sans-serif; font-size: 10pt; color: #000000;\">0438 &#8211; Holoubkov<\/span><\/strong><\/td>\n<td style=\"width: 28.6461%; height: 24px;\"><span style=\"font-family: arial,helvetica,sans-serif; font-size: 10pt; color: #000000;\">Zden\u011bk Kotr\u0161\u00e1l<\/span><\/td>\n<td style=\"width: 18.5758%; height: 24px;\"><span style=\"font-family: arial,helvetica,sans-serif; font-size: 10pt; color: #000000;\">603 792 537<\/span><\/td>\n<td style=\"width: 19.1934%; height: 24px;\"><a href=\"http:\/\/www.avzoholoubkov.cz\"><span style=\"font-family: arial,helvetica,sans-serif; font-size: 10pt; color: #000000;\">klubov\u00fd web<\/span><\/a><\/td>\n<\/tr>\n<tr style=\"height: 24px;\">\n<td style=\"width: 34.3416%; height: 24px; text-align: left;\"><strong><span style=\"font-family: arial,helvetica,sans-serif; font-size: 10pt; color: #000000;\">0486 &#8211; Psohlavec Doma\u017elice<\/span><\/strong><\/td>\n<td style=\"width: 28.6461%; height: 24px;\"><span style=\"font-family: arial,helvetica,sans-serif; font-size: 10pt; color: #000000;\">Jind\u0159ich Pavl\u00ed\u010dek<\/span><\/td>\n<td style=\"width: 18.5758%; height: 24px;\"><span style=\"font-family: arial,helvetica,sans-serif; font-size: 10pt; color: #000000;\">602 224 960<\/span><\/td>\n<td style=\"width: 19.1934%; height: 24px;\">\u00a0<\/td>\n<\/tr>\n<tr style=\"height: 24px;\">\n<td style=\"width: 34.3416%; height: 24px; text-align: left;\"><strong><span style=\"font-family: arial,helvetica,sans-serif; font-size: 10pt; color: #000000;\">0508 &#8211; Kok\u0161\u00edn<\/span><\/strong><\/td>\n<td style=\"width: 28.6461%; height: 24px;\"><span style=\"font-family: arial,helvetica,sans-serif; font-size: 10pt; color: #000000;\">Mudr.Pavel Mandys<\/span><\/td>\n<td style=\"width: 18.5758%; height: 24px;\"><span style=\"font-family: arial,helvetica,sans-serif; font-size: 10pt; color: #000000;\">603 444 973<\/span><\/td>\n<td style=\"width: 19.1934%; height: 24px;\">\u00a0<\/td>\n<\/tr>\n<tr style=\"height: 24px;\">\n<td style=\"width: 34.3416%; height: 24px; text-align: left;\"><strong><span style=\"font-family: arial,helvetica,sans-serif; font-size: 10pt; color: #000000;\">0735 &#8211; Star\u00e9 Sedlo<\/span><\/strong><\/td>\n<td style=\"width: 28.6461%; height: 24px;\"><span style=\"font-family: arial,helvetica,sans-serif; font-size: 10pt; color: #000000;\">Tom\u00e1\u0161 Sim\u00e1k<\/span><\/td>\n<td style=\"width: 18.5758%; height: 24px;\"><span style=\"font-family: arial,helvetica,sans-serif; font-size: 10pt; color: #000000;\">702 281 918<\/span><\/td>\n<td style=\"width: 19.1934%; height: 24px;\">\u00a0<\/td>\n<\/tr>\n<tr style=\"height: 24px;\">\n<td style=\"width: 34.3416%; height: 24px; text-align: left;\"><strong><span style=\"font-family: arial,helvetica,sans-serif; font-size: 10pt; color: #000000;\">0753 &#8211; Broky Plze\u0148<\/span><\/strong><\/td>\n<td style=\"width: 28.6461%; height: 24px;\"><span style=\"font-family: arial,helvetica,sans-serif; font-size: 10pt; color: #000000;\">Ing.Karel Kr\u016fs<\/span><\/td>\n<td style=\"width: 18.5758%; height: 24px;\"><span style=\"font-family: arial,helvetica,sans-serif; font-size: 10pt; color: #000000;\">737 132 207<\/span><\/td>\n<td style=\"width: 19.1934%; height: 24px;\">\u00a0<\/td>\n<\/tr>\n<tr style=\"height: 24px;\">\n<td style=\"width: 34.3416%; height: 24px; text-align: left;\"><strong><span style=\"font-family: arial,helvetica,sans-serif; font-size: 10pt; color: #000000;\">0802 &#8211; Rangers<\/span><\/strong><\/td>\n<td style=\"width: 28.6461%; height: 24px;\"><span style=\"font-family: arial,helvetica,sans-serif; font-size: 10pt; color: #000000;\">Erich Pross<\/span><\/td>\n<td style=\"width: 18.5758%; height: 24px;\"><span style=\"font-family: arial,helvetica,sans-serif; font-size: 10pt; color: #000000;\">607 551 804<\/span><\/td>\n<td style=\"width: 19.1934%; height: 24px;\">\u00a0<\/td>\n<\/tr>\n<tr style=\"height: 24px;\">\n<td style=\"width: 34.3416%; height: 24px; text-align: left;\"><strong><span style=\"font-family: arial,helvetica,sans-serif; font-size: 10pt; color: #000000;\">0900 &#8211; Po\u0161umav\u00ed Vojovice<\/span><\/strong><\/td>\n<td style=\"width: 28.6461%; height: 24px;\"><span style=\"font-family: arial,helvetica,sans-serif; font-size: 10pt; color: #000000;\">Vladim\u00edr B\u0159ez\u00e1k<\/span><\/td>\n<td style=\"width: 18.5758%; height: 24px;\"><span style=\"font-family: arial,helvetica,sans-serif; font-size: 10pt; color: #000000;\">721 874 301<\/span><\/td>\n<td style=\"width: 19.1934%; height: 24px;\"><a href=\"http:\/\/strelnicenovaves.websnadno.cz\"><span style=\"font-family: arial,helvetica,sans-serif; font-size: 10pt; color: #000000;\">klubov\u00fd web<\/span><\/a><\/td>\n<\/tr>\n<tr style=\"height: 24px;\">\n<td style=\"width: 34.3416%; height: 24px;\"><span style=\"font-family: arial,helvetica,sans-serif; font-size: 10pt;\">\u00a0<strong>SSKmP<\/strong><\/span><\/td>\n<td style=\"width: 28.6461%; height: 24px;\"><span style=\"font-family: arial,helvetica,sans-serif; font-size: 10pt; color: #000000;\">\u00a0<\/span><\/td>\n<td style=\"width: 18.5758%; height: 24px;\">\u00a0<\/td>\n<td style=\"width: 19.1934%; height: 24px;\"><a href=\"http:\/\/shooting-plzen.cz\"><span style=\"font-family: arial,helvetica,sans-serif; font-size: 10pt; color: #000000;\">web<\/span><\/a><\/td>\n<\/tr>\n<\/tbody>\n<\/table>\n<\/figure>\n<\/div>\n<\/div>\n<\/div><\/div>\n","protected":false},"excerpt":{"rendered":"<p>\u00a0klub p\u0159edseda tel. \u010d\u00edslo \u00a0 0007 &#8211; Ho\u0159ehledy Anna Hertlov\u00e1 775 734 464 \u00a0 0012 &#8211; Olymp Plze\u0148 Mgr. Kate\u0159ina Frantalov\u00e1 731 415 996 klubov\u00fd web 0015 &#8211; Plze\u0148 &#8211; Slovany \u00a0Jan Fidler 602 464 680 klubov\u00fd web 0035 &#8211; &hellip; <a href=\"https:\/\/www.css-ksplzen.cz\/?page_id=269\">Cel\u00fd p\u0159\u00edsp\u011bvek <span class=\"meta-nav\">&rarr;<\/span><\/a><\/p>\n","protected":false},"author":1,"featured_media":0,"parent":0,"menu_order":0,"comment_status":"closed","ping_status":"closed","template":"","meta":{"footnotes":""},"class_list":["post-269","page","type-page","status-publish","hentry"],"_links":{"self":[{"href":"https:\/\/www.css-ksplzen.cz\/index.php?rest_route=\/wp\/v2\/pages\/269","targetHints":{"allow":["GET"]}}],"collection":[{"href":"https:\/\/www.css-ksplzen.cz\/index.php?rest_route=\/wp\/v2\/pages"}],"about":[{"href":"https:\/\/www.css-ksplzen.cz\/index.php?rest_route=\/wp\/v2\/types\/page"}],"author":[{"embeddable":true,"href":"https:\/\/www.css-ksplzen.cz\/index.php?rest_route=\/wp\/v2\/users\/1"}],"replies":[{"embeddable":true,"href":"https:\/\/www.css-ksplzen.cz\/index.php?rest_route=%2Fwp%2Fv2%2Fcomments&post=269"}],"version-history":[{"count":195,"href":"https:\/\/www.css-ksplzen.cz\/index.php?rest_route=\/wp\/v2\/pages\/269\/revisions"}],"predecessor-version":[{"id":3965,"href":"https:\/\/www.css-ksplzen.cz\/index.php?rest_route=\/wp\/v2\/pages\/269\/revisions\/3965"}],"wp:attachment":[{"href":"https:\/\/www.css-ksplzen.cz\/index.php?rest_route=%2Fwp%2Fv2%2Fmedia&parent=269"}],"curies":[{"name":"wp","href":"https:\/\/api.w.org\/{rel}","templated":true}]}}