{"id":356,"date":"2016-05-22T12:09:23","date_gmt":"2016-05-22T10:09:23","guid":{"rendered":"http:\/\/www.css-ksplzen.cz\/?page_id=356"},"modified":"2026-02-26T16:39:00","modified_gmt":"2026-02-26T15:39:00","slug":"valna-hromada","status":"publish","type":"page","link":"https:\/\/www.css-ksplzen.cz\/?page_id=356","title":{"rendered":"Valn\u00e1 hromada KS"},"content":{"rendered":"<p><span style=\"text-decoration: underline;\"><span style=\"color: #000000; text-decoration: underline;\"><strong>2026<\/strong><\/span><\/span><\/p>\n<p><span style=\"color: #000000;\"><strong>26.2.<br \/>\n<\/strong>V sobotu 21.2. se uskute\u010dnila Valn\u00e1 hromada \u010cSS, z.s. Krajsk\u00e9 sdru\u017een\u00ed Plze\u0148. Z\u00fa\u010dastnilo se 16 z\u00e1stupc\u016f st\u0159eleck\u00fdch klub\u016f z 32 v Plze\u0148sk\u00e9m kraji.<br \/>\nz\u00e1pis z valn\u00e9 hromady najdete <a href=\"https:\/\/www.css-ksplzen.cz\/wp-content\/uploads\/2026\/02\/ZAPIS_VH_2026.pdf\">zde<\/a><br \/>\nJaroslav Havel &#8211; p\u0159edseda \u010cSS, z.s. Krajsk\u00e9 sdru\u017een\u00ed Plze\u0148<strong><br \/>\n<\/strong><\/span><\/p>\n<p><span style=\"color: #000000;\"><strong>27.1.<\/strong><\/span><span style=\"text-decoration: underline;\"><span style=\"color: #000000; text-decoration: underline;\"><strong><br \/>\n<\/strong><\/span><\/span><span style=\"color: #000000;\">\u010cSS z.s., Krajsk\u00e9 sdru\u017een\u00ed Plze\u0148 svol\u00e1v\u00e1 na sobotu 21.2.2026 valnou hromadu z\u00e1stupc\u016f st\u0159eleck\u00fdch klub\u016f Plze\u0148sk\u00e9ho kraje.<\/span><span style=\"color: #000000;\"><br \/>\nPozv\u00e1nku najdete <a href=\"https:\/\/www.css-ksplzen.cz\/wp-content\/uploads\/2026\/02\/POZVANKA_VH_2026.doc\">zde<\/a><\/span><\/p>\n<p>V p\u0159\u00edpad\u011b, \u017ee se nesejde 21.2. od 9,30 hod. nadpolovi\u010dn\u00ed v\u011bt\u0161ina z\u00e1stupc\u016f st\u0159eleck\u00fdch klub\u016f svol\u00e1v\u00e1 Krajsk\u00e9 sdru\u017een\u00ed n\u00e1hradn\u00ed Valnou hromadu 21.2.2026 od 10,00 hod.<br \/>\n<span style=\"text-decoration: underline;\"><span style=\"color: #000000; text-decoration: underline;\"><strong><br \/>\n2025<\/strong><\/span><\/span><\/p>\n<p><span style=\"color: #000000;\"><strong>28.3.<\/strong><\/span><span style=\"text-decoration: underline;\"><span style=\"color: #000000; text-decoration: underline;\"><strong><br \/>\n<\/strong><\/span><\/span><span style=\"color: #000000;\">V sobotu 22.3. se uskute\u010dnila Valn\u00e1 hromada \u010cSS, z.s. Krajsk\u00e9 sdru\u017een\u00ed Plze\u0148. Z\u00fa\u010dastnilo se 19 z\u00e1stupc\u016f st\u0159eleck\u00fdch klub\u016f z 32 v Plze\u0148sk\u00e9m kraji.<\/span><span style=\"color: #000000;\"><br \/>\nz\u00e1pis z valn\u00e9 hromady najdete <a href=\"https:\/\/www.css-ksplzen.cz\/wp-content\/uploads\/2025\/03\/ZAPIS_VH_2025.pdf\">zde<\/a><br \/>\nJaroslav Havel &#8211; p\u0159edseda \u010cSS, z.s. Krajsk\u00e9 sdru\u017een\u00ed Plze\u0148<\/span><span style=\"text-decoration: underline;\"><span style=\"color: #000000; text-decoration: underline;\"><strong><br \/>\n<\/strong><\/span><\/span><\/p>\n<p><strong><span style=\"color: #000000;\">4.3.<br \/>\n<\/span><\/strong>\u010cSS z.s., Krajsk\u00e9 sdru\u017een\u00ed Plze\u0148 svol\u00e1v\u00e1 na sobotu 22.3.2025 valnou hromadu z\u00e1stupc\u016f st\u0159eleck\u00fdch klub\u016f Plze\u0148sk\u00e9ho kraje.<br \/>\nPozv\u00e1nku najdete <a href=\"https:\/\/www.css-ksplzen.cz\/wp-content\/uploads\/2025\/03\/POZVANKA_VH_2025.doc\">zde<\/a><\/p>\n<p>V p\u0159\u00edpad\u011b, \u017ee se nesejde 22.3. od 9,30 hod. nadpolovi\u010dn\u00ed v\u011bt\u0161ina z\u00e1stupc\u016f st\u0159eleck\u00fdch klub\u016f svol\u00e1v\u00e1 Krajsk\u00e9 sdru\u017een\u00ed n\u00e1hradn\u00ed Valnou hromadu 22.3.2025 od 10,00 hod.<br \/>\nPozv\u00e1nka <a href=\"https:\/\/www.css-ksplzen.cz\/wp-content\/uploads\/2025\/03\/POZVANKA_VH_2025_N.doc\">zde<\/a><\/p>\n<p><span style=\"text-decoration: underline;\"><span style=\"color: #000000; text-decoration: underline;\"><strong>2024<\/strong><\/span><\/span><\/p>\n<p><span style=\"color: #000000;\"><strong>25.2.<\/strong><\/span><span style=\"color: #000000;\"><strong><br \/>\n<\/strong>V sobotu 24.2. se uskute\u010dnila Valn\u00e1 hromada \u010cSS, z.s. Krajsk\u00e9 sdru\u017een\u00ed Plze\u0148. Z\u00fa\u010dastnilo se 19 z\u00e1stupc\u016f st\u0159eleck\u00fdch klub\u016f z 32 v Plze\u0148sk\u00e9m kraji, z pozvan\u00fdch host\u016f byl p\u0159\u00edtomen p. Josef Fiala.<br \/>\nz\u00e1pis z valn\u00e9 hromady najdete <a href=\"https:\/\/www.css-ksplzen.cz\/wp-content\/uploads\/2024\/02\/ZAPIS_VH_2024.pdf\">zde<\/a><br \/>\n<\/span><span style=\"color: #000000;\">Jaroslav Havel &#8211; p\u0159edseda \u010cSS, z.s. Krajsk\u00e9 sdru\u017een\u00ed Plze\u0148<\/span><span style=\"text-decoration: underline;\"><span style=\"color: #000000; text-decoration: underline;\"><strong><br \/>\n<\/strong><\/span><\/span><\/p>\n<p><span style=\"color: #000000;\"><strong>27.1.<\/strong><\/span><span style=\"text-decoration: underline; color: #000000;\"><strong><br \/>\n<\/strong><\/span>\u010cSS z.s., Krajsk\u00e9 sdru\u017een\u00ed Plze\u0148 svol\u00e1v\u00e1 na sobotu 24.2.2024 valnou hromadu z\u00e1stupc\u016f st\u0159eleck\u00fdch klub\u016f Plze\u0148sk\u00e9ho kraje.<br \/>\nPozv\u00e1nku najdete <a href=\"https:\/\/www.css-ksplzen.cz\/wp-content\/uploads\/2024\/01\/POZVANKA_VH_2024.doc\">zde<\/a><\/p>\n<p>V p\u0159\u00edpad\u011b, \u017ee se nesejde 24.2. od 9,30 hod. nadpolovi\u010dn\u00ed v\u011bt\u0161ina z\u00e1stupc\u016f st\u0159eleck\u00fdch klub\u016f svol\u00e1v\u00e1 Krajsk\u00e9 sdru\u017een\u00ed n\u00e1hradn\u00ed Valnou hromadu 24.2.2024 od 10,00 hod.<br \/>\nPozv\u00e1nka <a href=\"https:\/\/www.css-ksplzen.cz\/wp-content\/uploads\/2024\/01\/POZVANKA_VH_2024_N.doc\">zde<\/a><\/p>\n<p><span style=\"text-decoration: underline; color: #000000;\"><strong><br \/>\n2023<\/strong><\/span><\/p>\n<p><span style=\"color: #000000;\"><strong>22.3.<\/strong><\/span><span style=\"color: #000000;\"><strong><br \/>\n<\/strong>V sobotu 18.2. se uskute\u010dnila Valn\u00e1 hromada \u010cSS, z.s. Krajsk\u00e9 sdru\u017een\u00ed Plze\u0148. Z\u00fa\u010dastnilo se 18 z\u00e1stupc\u016f st\u0159eleck\u00fdch klub\u016f z 31 v Plze\u0148sk\u00e9m kraji, z pozvan\u00fdch host\u016f byl p\u0159\u00edtomen prezident \u010cSS p. Ivan Hermel, viceprezident svazu Mgr. Pavel Bittner, p. Ji\u0159\u00ed Hauer, p. Pavel Sv\u011btl\u00edk. p. Ev\u017een \u0160teif &#8211; revizn\u00ed komise.<br \/>\nz\u00e1pis z valn\u00e9 hromady najdete <a href=\"https:\/\/www.css-ksplzen.cz\/wp-content\/uploads\/2023\/02\/ZAPIS_VH_2023.pdf\">zde<\/a><br \/>\nJaroslav Havel &#8211; p\u0159edseda \u010cSS, z.s. Krajsk\u00e9 sdru\u017een\u00ed Plze\u0148<\/span><span style=\"color: #000000;\"><strong><br \/>\n<\/strong><\/span><span style=\"text-decoration: underline; color: #000000;\"><strong><br \/>\n<\/strong><\/span><span style=\"color: #000000;\"><strong>11.1.<br \/>\n<\/strong><\/span>\u010cSS z.s., Krajsk\u00e9 sdru\u017een\u00ed Plze\u0148 svol\u00e1v\u00e1 na sobotu 18.2.2023 valnou hromadu z\u00e1stupc\u016f st\u0159eleck\u00fdch klub\u016f Plze\u0148sk\u00e9ho kraje.<br \/>\nPozv\u00e1nku najdete <a href=\"https:\/\/www.css-ksplzen.cz\/wp-content\/uploads\/2023\/02\/POZVANKA_VH_2023.doc\">zde<\/a><\/p>\n<p>V p\u0159\u00edpad\u011b, \u017ee se nesejde 18.2. od 9,30 hod. nadpolovi\u010dn\u00ed v\u011bt\u0161ina z\u00e1stupc\u016f st\u0159eleck\u00fdch klub\u016f svol\u00e1v\u00e1 Krajsk\u00e9 sdru\u017een\u00ed n\u00e1hradn\u00ed Valnou hromadu 18.2.2023 od 10,00 hod.<br \/>\nPozv\u00e1nka <a href=\"https:\/\/www.css-ksplzen.cz\/wp-content\/uploads\/2023\/02\/POZVANKA_VH_2023_N.doc\">zde<\/a><br \/>\n<span style=\"text-decoration: underline; color: #000000;\"><strong><br \/>\n2022<br \/>\n<\/strong><\/span><span style=\"color: #000000;\"><strong><br \/>\n22.3.<\/strong><\/span><span style=\"text-decoration: underline; color: #000000;\"><strong><br \/>\n<\/strong><\/span><span style=\"color: #000000;\">V sobotu 19.3. se uskute\u010dnila Valn\u00e1 hromada \u010cSS, z.s. Krajsk\u00e9 sdru\u017een\u00ed Plze\u0148. Z\u00fa\u010dastnilo se 19 z\u00e1stupc\u016f st\u0159eleck\u00fdch klub\u016f z 33 v Plze\u0148sk\u00e9m kraji, z pozvan\u00fdch host\u016f nebyl p\u0159\u00edtomen nikdo.<\/span><span style=\"color: #000000;\"><br \/>\nz\u00e1pis z valn\u00e9 hromady najdete <a href=\"https:\/\/www.css-ksplzen.cz\/wp-content\/uploads\/2022\/03\/ZAPIS-VH-2022.pdf\">zde<\/a><br \/>\nJaroslav Havel &#8211; p\u0159edseda \u010cSS, z.s. Krajsk\u00e9 sdru\u017een\u00ed Plze\u0148<\/span><span style=\"text-decoration: underline; color: #000000;\"><strong><br \/>\n<\/strong><\/span><\/p>\n<p><span style=\"color: #000000;\"><strong>20.2.<\/strong><\/span><span style=\"text-decoration: underline; color: #000000;\"><br \/>\n<\/span><span style=\"color: #000000;\">\u010cSS z.s., Krajsk\u00e9 sdru\u017een\u00ed Plze\u0148 svol\u00e1v\u00e1 na sobotu 19.3.2022 valnou hromadu z\u00e1stupc\u016f st\u0159eleck\u00fdch klub\u016f Plze\u0148sk\u00e9ho kraje.<br \/>\nPozv\u00e1nku najdete <a href=\"https:\/\/www.css-ksplzen.cz\/wp-content\/uploads\/2022\/02\/POZVANKA_VH_2022.doc\">zde<\/a><\/span><\/p>\n<p>V p\u0159\u00edpad\u011b, \u017ee se nesejde 19.3. od 9,30 hod. nadpolovi\u010dn\u00ed v\u011bt\u0161ina z\u00e1stupc\u016f st\u0159eleck\u00fdch klub\u016f svol\u00e1v\u00e1 Krajsk\u00e9 sdru\u017een\u00ed n\u00e1hradn\u00ed Valnou hromadu 19.3.2022 od 10,00 hod.<br \/>\nPozv\u00e1nka <a href=\"https:\/\/www.css-ksplzen.cz\/wp-content\/uploads\/2022\/02\/POZVANKA_VH_2022_N.doc\">zde<\/a><\/p>\n<p><strong><span style=\"text-decoration: underline;\">2021<\/span><br \/>\n<\/strong><span style=\"color: #000000;\"><strong><br \/>\n28.6.<br \/>\n<\/strong>V ned\u011bli 20.6. prob\u011bhla n\u00e1hradn\u00ed Valn\u00e1 hromada \u010cSS, z.s. Krajsk\u00e9 sdru\u017een\u00ed Plze\u0148. Z\u00fa\u010dastnilo se 14 z\u00e1stupc\u016f st\u0159eleck\u00fdch klub\u016f z 33 v Plze\u0148sk\u00e9m kraji, z pozvan\u00fdch host\u016f byl p\u0159\u00edtomen prezident \u010cSS p.Ji\u0159\u00ed Streit, p.Jaroslav Pri\u0161\u010d\u00e1k &#8211; kandid\u00e1t na prezidenta \u010cSS.<br \/>\nz\u00e1pis z n\u00e1hradn\u00ed valn\u00e9 hromady najdete <a href=\"https:\/\/www.css-ksplzen.cz\/wp-content\/uploads\/2021\/06\/ZAPIS-VH-2021.pdf\">zde <\/a><strong><br \/>\n<\/strong>Jaroslav Havel<br \/>\np\u0159edseda \u010cSS, z.s. Krajsk\u00e9 sdru\u017een\u00ed Plze\u0148<\/span><\/p>\n<p><strong>6.6.<br \/>\n<\/strong>Vzhledem k tomu, \u017ee v\u010derej\u0161\u00ed valn\u00e1 hromada z\u00e1stupc\u016f st\u0159eleck\u00fdch klub\u016f Plze\u0148sk\u00e9ho kraje nebyla usn\u00e1\u0161en\u00edschopn\u00e1 svol\u00e1v\u00e1 v\u00fdbor krajsk\u00e9ho sdru\u017een\u00ed n\u00e1hradn\u00ed zased\u00e1n\u00ed valn\u00e9 hromady na ned\u011bli 20.6.<br \/>\nPozv\u00e1nku najdete <a href=\"https:\/\/www.css-ksplzen.cz\/wp-content\/uploads\/2021\/06\/POZVANKA_VH_2021_1.doc\">zde<\/a><br \/>\nJaroslav Havel<br \/>\np\u0159edseda \u010cSS, z.s. Krajsk\u00e9 sdru\u017een\u00ed Plze\u0148<br \/>\n<strong><br \/>\n4.5.<\/strong><span style=\"text-decoration: underline; color: #000000;\"><br \/>\n<\/span><span style=\"color: #000000;\">\u010cSS z.s., Krajsk\u00e9 sdru\u017een\u00ed Plze\u0148 svol\u00e1v\u00e1 na sobotu 5.6.2021 valnou hromadu z\u00e1stupc\u016f st\u0159eleck\u00fdch klub\u016f Plze\u0148sk\u00e9ho kraje.<br \/>\nPozv\u00e1nku najdete <a href=\"https:\/\/www.css-ksplzen.cz\/wp-content\/uploads\/2021\/05\/POZVANKA_VH_2021.doc\">zde<\/a><\/span><\/p>\n<p><strong><span style=\"text-decoration: underline;\">2020<\/span><br \/>\n<\/strong><span style=\"color: #000000;\"><strong>8.3.<br \/>\n<\/strong>V sobotu 22.2. se uskute\u010dnila Valn\u00e1 hromada \u010cSS, z.s. Krajsk\u00e9 sdru\u017een\u00ed Plze\u0148. Z\u00fa\u010dastnilo se 23 z\u00e1stupc\u016f st\u0159eleck\u00fdch klub\u016f z 33 v Plze\u0148sk\u00e9m kraji, z pozvan\u00fdch host\u016f byl p\u0159\u00edtomen prezident \u010cSS p.Ji\u0159\u00ed Streit.<br \/>\nz\u00e1pis z valn\u00e9 hromady najdete <a href=\"https:\/\/www.css-ksplzen.cz\/wp-content\/uploads\/2020\/03\/ZAPIS-VH-2020.pdf\">zde<\/a><br \/>\nJaroslav Havel &#8211; p\u0159edseda \u010cSS, z.s. Krajsk\u00e9 sdru\u017een\u00ed Plze\u0148<\/span><\/p>\n<p><strong>28.1.<br \/>\n<\/strong><span style=\"color: #000000;\">\u010cSS z.s., Krajsk\u00e9 sdru\u017een\u00ed Plze\u0148 svol\u00e1v\u00e1 na sobotu 22.2.2020 valnou hromadu z\u00e1stupc\u016f st\u0159eleck\u00fdch klub\u016f Plze\u0148sk\u00e9ho kraje.<\/span><span style=\"color: #000000;\"><br \/>\npozv\u00e1nku najdete <\/span><a href=\"https:\/\/www.css-ksplzen.cz\/wp-content\/uploads\/2020\/01\/POZVANKA_VH_2020.doc\">zde<\/a><\/p>\n<p><span style=\"text-decoration: underline;\"><strong>2019<br \/>\n<\/strong><\/span><strong>25.3.<br \/>\n<\/strong>V sobotu 23.3. se uskute\u010dnila Valn\u00e1 hromada \u010cSS, z.s. Krajsk\u00e9 sdru\u017een\u00ed Plze\u0148. Z\u00fa\u010dastnilo se 22 z\u00e1stupc\u016f st\u0159eleck\u00fdch klub\u016f z 35 v Plze\u0148sk\u00e9m kraji, z pozvan\u00fdch host\u016f nebyl p\u0159\u00edtomen nikdo.<br \/>\nz\u00e1pis z valn\u00e9 hromady najdete <a href=\"https:\/\/www.css-ksplzen.cz\/wp-content\/uploads\/2019\/03\/Zapis_VH_2019.pdf\">zde<\/a><br \/>\nJaroslav Havel &#8211; p\u0159edseda \u010cSS, z.s. Krajsk\u00e9 sdru\u017een\u00ed Plze\u0148<\/p>\n<p><strong>21.2.<br \/>\n<\/strong>\u010cSS z.s., Krajsk\u00e9 sdru\u017een\u00ed Plze\u0148 svol\u00e1v\u00e1 na sobotu 23.3.2019 valnou hromadu z\u00e1stupc\u016f st\u0159eleck\u00fdch klub\u016f Plze\u0148sk\u00e9ho kraje.<br \/>\npozv\u00e1nku najdete <a href=\"https:\/\/www.css-ksplzen.cz\/wp-content\/uploads\/2019\/02\/POZVANKA_VH_2019.pdf\">zde<\/a><\/p>\n<h4><strong><span style=\"text-decoration: underline;\">2018<br \/>\n<\/span><\/strong><span style=\"font-size: 10pt;\"><strong>26.2.<br \/>\n<\/strong>V sobotu 24.2. se uskute\u010dnila Valn\u00e1 hromada \u010cSS, z.s. Krajsk\u00e9 sdr\u017een\u00ed Plze\u0148. Z\u00fa\u010dastnilo se 18<strong><br \/>\n<\/strong>z\u00e1stupc\u016f st\u0159eleck\u00fdch klub\u016f z 34 v Plze\u0148sk\u00e9m kraji, z pozvan\u00fdch host\u016f nebyl p\u0159\u00edtomen nikdo.<strong><br \/>\n<\/strong>z\u00e1pis z valn\u00e9 hromady najdete <a href=\"https:\/\/www.css-ksplzen.cz\/wp-content\/uploads\/2018\/02\/ZAPIS-VH-2018.pdf\">zde<\/a><br \/>\nJaroslav Havel &#8211; p\u0159edseda \u010cSS, z.s. Krajsk\u00e9 sdru\u017een\u00ed Plze\u0148<\/span><\/h4>\n<p><strong><span style=\"font-family: arial, helvetica, sans-serif; font-size: 10pt;\">23.1.<\/span><\/strong><br \/>\n<span style=\"font-family: arial, helvetica, sans-serif; font-size: 10pt;\"> \u010cSS z.s., Krajsk\u00e9 sdru\u017een\u00ed Plze\u0148 svol\u00e1v\u00e1 na sobotu 24.2.2018 valnou hromadu z\u00e1stupc\u016f st\u0159eleck\u00fdch klub\u016f Plze\u0148sk\u00e9ho kraje.<\/span><br \/>\n<span style=\"font-family: arial, helvetica, sans-serif; font-size: 10pt;\"> pozv\u00e1nku najdete <a href=\"https:\/\/www.css-ksplzen.cz\/wp-content\/uploads\/2018\/01\/POZVANKA_VH_2018.doc\">zde<\/a><\/span><br \/>\n<strong><span style=\"text-decoration: underline;\"><br \/>\n2017<br \/>\n<\/span><\/strong><span style=\"font-family: arial,helvetica,sans-serif; font-size: 10pt; color: #000000;\"><strong>26.2.<\/strong><\/span><br \/>\n<span style=\"font-family: arial,helvetica,sans-serif; font-size: 10pt; color: #000000;\">V sobotu 25.2. se uskute\u010dnila Valn\u00e1 hromada \u010cSS, z.s. Krajsk\u00e9 sdru\u017een\u00ed Plze\u0148. Z\u00fa\u010dastnilo se 20 z\u00e1stupc\u016f st\u0159eleck\u00fdch klub\u016f z 34 v Plze\u0148sk\u00e9m kraji a 3 pozvan\u00ed host\u00e9.<br \/>\n<\/span><span style=\"font-family: arial,helvetica,sans-serif; font-size: 10pt;\"><span style=\"color: #000000;\">z\u00e1pis z valn\u00e9 hromady najdete<\/span> <a href=\"https:\/\/www.css-ksplzen.cz\/wp-content\/uploads\/2017\/03\/ZAPIS_VH_2017.pdf\">zde<\/a><\/span><br \/>\n<span style=\"font-family: arial,helvetica,sans-serif; font-size: 10pt;\"><span style=\"color: #000000;\">Jaroslav Havel &#8211; p\u0159edseda \u010cSS, z.s. Krajsk\u00e9 sdru\u017een\u00ed Plze\u0148<\/span><\/span><\/p>\n<p><strong><span style=\"color: #000000; font-family: arial,helvetica,sans-serif; font-size: 10pt;\">25.1.<\/span><br \/>\n<\/strong><span style=\"font-family: arial,helvetica,sans-serif; font-size: 10pt; color: #000000;\">\u010cSS z.s., Krajsk\u00e9 sdru\u017een\u00ed Plze\u0148 svol\u00e1v\u00e1 na sobotu 25.2. valnou hromadu z\u00e1stupc\u016f st\u0159eleck\u00fdch klub\u016f Plze\u0148sk\u00e9ho kraje.<\/span><br \/>\n<span style=\"font-family: arial,helvetica,sans-serif; font-size: 10pt;\"><span style=\"color: #000000;\"> pozv\u00e1nku najdete<\/span> <a href=\"https:\/\/www.css-ksplzen.cz\/wp-content\/uploads\/2017\/01\/POZVANKA_VH_2017.doc\">zde<\/a><\/span><\/p>\n<p><span style=\"text-decoration: underline; font-size: 14pt; color: #000000;\"><strong><span style=\"font-family: arial,helvetica,sans-serif;\">2016<br \/>\n<\/span><\/strong><\/span><span style=\"font-family: arial,helvetica,sans-serif; font-size: 10pt; color: #000000;\"><strong>10.3.<\/strong><\/span><br \/>\n<span style=\"font-family: arial,helvetica,sans-serif; font-size: 10pt; color: #000000;\"> V \u010dtvrtek 3.3.2016 od 16,00 hod. se konala v klubovn\u011b nad restaurac\u00ed na st\u0159elnici v Lobz\u00edch Valn\u00e1 hromada z\u00e1stupc\u016f st\u0159eleck\u00fdch klub\u016f Plze\u0148sk\u00e9ho kraje. Bylo p\u0159\u00edtomno 20 z\u00e1stupc\u016f st\u0159eleck\u00fdch klub\u016f.<\/span><br \/>\n<span style=\"font-family: arial,helvetica,sans-serif; font-size: 10pt;\"><span style=\"color: #000000;\"> Mezi hosty byli : prezident \u010cSS Petr Baroch, \u010dlen prezidia \u010cSS Bohum\u00edr Pokorn\u00fd<strong><strong><strong><strong><br \/>\n<\/strong><\/strong><\/strong><\/strong>z\u00e1pis z valn\u00e9 hromady<\/span> &#8211; <a href=\"https:\/\/www.css-ksplzen.cz\/wp-content\/uploads\/2016\/05\/ZAPIS_VH_2016.doc\">zde<\/a><\/span><\/p>\n<p><span style=\"font-family: arial,helvetica,sans-serif; font-size: 10pt;\">Jaroslav Havel &#8211; p\u0159edseda Plze\u0148sk\u00e9ho KS<\/span><\/p>\n<p style=\"text-align: justify;\"><span style=\"font-family: arial,helvetica,sans-serif; font-size: 10pt; color: #000000;\"><strong>8.2.<\/strong><\/span><br \/>\n<span style=\"font-family: arial,helvetica,sans-serif; font-size: 10pt; color: #000000;\"> Plze\u0148sk\u00e9 krajsk\u00e9 sdru\u017een\u00ed \u010cSS svol\u00e1v\u00e1 na \u010dtvrtek 3.3.2016 od 16,00 hod. v klubovn\u011b nad restaurac\u00ed na st\u0159elnici v Plzni &#8211; Lobz\u00edch valnou hromadu z\u00e1stupc\u016f st\u0159eleck\u00fdch klub\u016f Plze\u0148sk\u00e9ho kraje.<\/span><br \/>\n<span style=\"font-family: arial,helvetica,sans-serif; font-size: 10pt;\"><span style=\"color: #000000;\"> pozv\u00e1nka<\/span> &#8211; <a href=\"https:\/\/www.css-ksplzen.cz\/wp-content\/uploads\/2016\/05\/POZVANKA_VH_2016.doc\">zde<\/a><\/span><\/p>\n<p><span style=\"font-family: arial,helvetica,sans-serif; font-size: 10pt;\">Jaroslav Havel &#8211; p\u0159edseda Plze\u0148sk\u00e9ho KS \u010cSS<\/span><br \/>\n<span style=\"font-family: arial,helvetica,sans-serif; font-size: 10pt;\"> <strong><br \/>\n<span style=\"text-decoration: underline; color: #000000; font-size: 14pt;\">2015<br \/>\n<\/span><\/strong><\/span><span style=\"font-family: arial,helvetica,sans-serif; font-size: 10pt; color: #000000;\"><strong>24.3.<\/strong><strong><strong><br \/>\nOmluva Plze\u0148sk\u00e9ho krajsk\u00e9ho sdru\u017een\u00ed \u010cSS<\/strong><\/strong><\/span><\/p>\n<p style=\"text-align: justify;\"><span style=\"font-family: arial,helvetica,sans-serif; font-size: 10pt; color: #000000;\">Plze\u0148sk\u00e9 krajsk\u00e9 sdru\u017een\u00ed \u010cSS se t\u00edmto omlouv\u00e1 SSK Klatovy \u010d &#8211; 0173 za chybu v\u00a0z\u00e1pise z\u00a0valn\u00e9 hromady ze dne 3.3.2015.<\/span><\/p>\n<p style=\"text-align: justify;\"><span style=\"font-family: arial,helvetica,sans-serif; font-size: 10pt; color: #000000;\">V\u00a0diskusn\u00edm p\u0159\u00edsp\u011bvku p.\u0160im\u0161i bylo uvedeno cituji \u201evzn\u00e1\u0161\u00ed dotaz nad dal\u0161\u00edm fungov\u00e1n\u00edm SSK Klatovy (p\u0159edseda je dlu\u017en\u00edk). Bohu\u017eel nedopat\u0159en\u00edm n\u00e1m p\u0159i zpracov\u00e1n\u00ed z\u00e1pisu za SSK vypadlo P. T\u00edmto uv\u00e1d\u00edme na pravou m\u00edru, \u017ee se jedn\u00e1 o SSK policie Klatovy \u010d &#8211; 0508 a ne o klub SSK Klatovy \u010d &#8211; 0173.<\/span><\/p>\n<p style=\"text-align: justify;\"><span style=\"font-family: arial,helvetica,sans-serif; font-size: 10pt; color: #000000;\">Uv\u00e1d\u00edm spr\u00e1vn\u011b diskusn\u00ed p\u0159\u00edsp\u011bvek p.\u0160im\u0161i cituji : \u201evzn\u00e1\u0161\u00ed dotaz nad fungov\u00e1n\u00edm SSK policie Klatovy (p\u0159edseda je dlu\u017en\u00edk). Oprava v\u00a0z\u00e1pisu na krajsk\u00fdch webov\u00fdch str\u00e1nk\u00e1ch je provedena. Plze\u0148sk\u00e9 krajsk\u00e9 sdru\u017een\u00ed v\u00a0\u017e\u00e1dn\u00e9m p\u0159\u00edpad\u011b necht\u011blo jakkoli po\u0161kodit SSK Klatovy \u010d &#8211; 0173 a jejich \u010dleny.<\/span><\/p>\n<p><span style=\"font-family: arial,helvetica,sans-serif; font-size: 10pt; color: #000000;\">Jaroslav Havel<\/span><br \/>\n<span style=\"font-family: arial,helvetica,sans-serif; font-size: 10pt; color: #000000;\"> p\u0159edseda Plze\u0148sk\u00e9ho KS \u010cSS<\/span><\/p>\n<p style=\"text-align: justify;\"><span style=\"font-family: arial,helvetica,sans-serif; font-size: 10pt;\"><strong>10.3.<\/strong><\/span><br \/>\n<span style=\"font-family: arial,helvetica,sans-serif; font-size: 10pt;\"> V \u00fater\u00fd 3.3.2015 od 16,00 hod. se konala v klubovn\u011b nad restaurac\u00ed na st\u0159elnici v Lobz\u00edch Valn\u00e1 hromada z\u00e1stupc\u016f st\u0159eleck\u00fdch klub\u016f Plze\u0148sk\u00e9ho kraje. Bylo p\u0159\u00edtomno 16 z\u00e1stupc\u016f st\u0159eleck\u00fdch klub\u016f.<\/span><\/p>\n<p><span style=\"font-family: arial,helvetica,sans-serif; font-size: 10pt;\">Mezi hosty byli : prezident \u010cSS Petr Baroch, \u010dlen prezidia \u010cSS Bohum\u00edr Pokorn\u00fd<strong><strong><strong><strong><br \/>\n<\/strong><\/strong><\/strong><\/strong>z\u00e1pis z valn\u00e9 hromady &#8211; <a href=\"https:\/\/www.css-ksplzen.cz\/wp-content\/uploads\/2016\/05\/ZAPIS_VH_2015.doc\">zde<\/a><\/span><\/p>\n<p><span style=\"font-family: arial,helvetica,sans-serif; font-size: 10pt;\">Jaroslav Havel &#8211; p\u0159edseda Plze\u0148sk\u00e9ho KS<\/span><\/p>\n<p style=\"text-align: justify;\"><span style=\"font-family: arial,helvetica,sans-serif; font-size: 10pt;\"><strong>17.2.<\/strong><\/span><br \/>\n<span style=\"font-family: arial,helvetica,sans-serif; font-size: 10pt;\"> Plze\u0148sk\u00e9 krajsk\u00e9 sdru\u017een\u00ed \u010cSS svol\u00e1v\u00e1 na \u00fater\u00fd 3.3.2015 od 16,00 hod. v klubovn\u011b nad restaurac\u00ed na st\u0159elnici v Plzni &#8211; Lobz\u00edch valnou hromadu z\u00e1stupc\u016f st\u0159eleck\u00fdch klub\u016f Plze\u0148sk\u00e9ho kraje.<\/span><br \/>\n<span style=\"font-family: arial,helvetica,sans-serif; font-size: 10pt;\"> pozv\u00e1nka <a href=\"https:\/\/www.css-ksplzen.cz\/wp-content\/uploads\/2016\/05\/pozvanka_VH_2015.doc\">zde<\/a><\/span><\/p>\n<p><span style=\"font-family: arial,helvetica,sans-serif; font-size: 10pt;\">Jaroslav Havel &#8211; p\u0159edseda Plze\u0148sk\u00e9ho KS \u010cSS<\/span><strong><strong><strong><strong><br \/>\n<\/strong><\/strong><\/strong><\/strong><\/p>\n","protected":false},"excerpt":{"rendered":"<p>2026 26.2. V sobotu 21.2. se uskute\u010dnila Valn\u00e1 hromada \u010cSS, z.s. Krajsk\u00e9 sdru\u017een\u00ed Plze\u0148. Z\u00fa\u010dastnilo se 16 z\u00e1stupc\u016f st\u0159eleck\u00fdch klub\u016f z 32 v Plze\u0148sk\u00e9m kraji. z\u00e1pis z valn\u00e9 hromady najdete zde Jaroslav Havel &#8211; p\u0159edseda \u010cSS, z.s. Krajsk\u00e9 sdru\u017een\u00ed Plze\u0148 &hellip; <a href=\"https:\/\/www.css-ksplzen.cz\/?page_id=356\">Cel\u00fd p\u0159\u00edsp\u011bvek <span class=\"meta-nav\">&rarr;<\/span><\/a><\/p>\n","protected":false},"author":1,"featured_media":0,"parent":0,"menu_order":0,"comment_status":"closed","ping_status":"closed","template":"","meta":{"footnotes":""},"class_list":["post-356","page","type-page","status-publish","hentry"],"_links":{"self":[{"href":"https:\/\/www.css-ksplzen.cz\/index.php?rest_route=\/wp\/v2\/pages\/356","targetHints":{"allow":["GET"]}}],"collection":[{"href":"https:\/\/www.css-ksplzen.cz\/index.php?rest_route=\/wp\/v2\/pages"}],"about":[{"href":"https:\/\/www.css-ksplzen.cz\/index.php?rest_route=\/wp\/v2\/types\/page"}],"author":[{"embeddable":true,"href":"https:\/\/www.css-ksplzen.cz\/index.php?rest_route=\/wp\/v2\/users\/1"}],"replies":[{"embeddable":true,"href":"https:\/\/www.css-ksplzen.cz\/index.php?rest_route=%2Fwp%2Fv2%2Fcomments&post=356"}],"version-history":[{"count":84,"href":"https:\/\/www.css-ksplzen.cz\/index.php?rest_route=\/wp\/v2\/pages\/356\/revisions"}],"predecessor-version":[{"id":3947,"href":"https:\/\/www.css-ksplzen.cz\/index.php?rest_route=\/wp\/v2\/pages\/356\/revisions\/3947"}],"wp:attachment":[{"href":"https:\/\/www.css-ksplzen.cz\/index.php?rest_route=%2Fwp%2Fv2%2Fmedia&parent=356"}],"curies":[{"name":"wp","href":"https:\/\/api.w.org\/{rel}","templated":true}]}}